{"id":4098,"date":"2024-04-23T20:10:50","date_gmt":"2024-04-23T20:10:50","guid":{"rendered":"https:\/\/mango-vacations.com\/contact-us"},"modified":"2024-04-23T20:10:50","modified_gmt":"2024-04-23T20:10:50","slug":"contact-us","status":"publish","type":"page","link":"https:\/\/mango-vacations.com\/sv\/contact-us","title":{"rendered":"Contact Us"},"content":{"rendered":"<p>[et_pb_section fb_built=&#8221;1&#8243; custom_padding_last_edited=&#8221;on|desktop&#8221; admin_label=&#8221;Section&#8221; _builder_version=&#8221;4.27.4&#8243; _module_preset=&#8221;default&#8221; use_background_color_gradient=&#8221;on&#8221; background_color_gradient_stops=&#8221;rgba(10,10,10,0.45) 1%|#141414 99%&#8221; background_image=&#8221;https:\/\/mango-vacations.com\/wp-content\/uploads\/2024\/04\/IMG_1829.jpg&#8221; background_position=&#8221;bottom_center&#8221; background_blend=&#8221;overlay&#8221; background_enable_video_mp4=&#8221;off&#8221; custom_margin=&#8221;-100px||||false|false&#8221; custom_margin_tablet=&#8221;-230px||||false|false&#8221; custom_margin_phone=&#8221;-150px||||false|false&#8221; custom_margin_last_edited=&#8221;on|phone&#8221; custom_padding=&#8221;206px||56px||false|false&#8221; custom_padding_tablet=&#8221;214px||56px||false|false&#8221; custom_padding_phone=&#8221;140px||30px||false|false&#8221; hover_enabled=&#8221;0&#8243; da_disable_devices=&#8221;off|off|off&#8221; global_colors_info=&#8221;{}&#8221; sticky_enabled=&#8221;0&#8243; da_is_popup=&#8221;off&#8221; da_exit_intent=&#8221;off&#8221; da_has_close=&#8221;on&#8221; da_alt_close=&#8221;off&#8221; da_dark_close=&#8221;off&#8221; da_not_modal=&#8221;on&#8221; da_is_singular=&#8221;off&#8221; da_with_loader=&#8221;off&#8221; da_has_shadow=&#8221;on&#8221;][et_pb_row _builder_version=&#8221;4.25.0&#8243; _module_preset=&#8221;default&#8221; module_alignment=&#8221;center&#8221; custom_margin=&#8221;40px|auto||auto||&#8221; global_colors_info=&#8221;{}&#8221;][et_pb_column type=&#8221;4_4&#8243; _builder_version=&#8221;4.25.0&#8243; _module_preset=&#8221;default&#8221; global_colors_info=&#8221;{}&#8221;][et_pb_heading title=&#8221;Contact Us&#8221; _builder_version=&#8221;4.25.0&#8243; _module_preset=&#8221;default&#8221; title_text_align=&#8221;center&#8221; title_text_color=&#8221;#FFFFFF&#8221; title_font_size=&#8221;100px&#8221; custom_margin=&#8221;15px||15px|||&#8221; title_font_size_tablet=&#8221;80px&#8221; title_font_size_phone=&#8221;60px&#8221; title_font_size_last_edited=&#8221;on|phone&#8221; global_colors_info=&#8221;{}&#8221;][\/et_pb_heading][et_pb_heading title=&#8221;Reach Out to Us for Any Inquiries or Assistance&#8221; _builder_version=&#8221;4.25.0&#8243; _module_preset=&#8221;default&#8221; title_font=&#8221;&#8211;et_global_body_font|600|||||||&#8221; title_text_align=&#8221;center&#8221; title_text_color=&#8221;#F28B00&#8243; title_font_size=&#8221;34px&#8221; title_line_height=&#8221;1.3em&#8221; min_height=&#8221;47px&#8221; custom_margin=&#8221;-20px||163px||false|false&#8221; custom_margin_tablet=&#8221;-20px||163px||false|false&#8221; custom_margin_phone=&#8221;-20px||80px||false|false&#8221; custom_margin_last_edited=&#8221;on|phone&#8221; custom_padding=&#8221;0px|||||&#8221; title_font_size_tablet=&#8221;30px&#8221; title_font_size_phone=&#8221;22px&#8221; title_font_size_last_edited=&#8221;on|phone&#8221; global_colors_info=&#8221;{}&#8221;][\/et_pb_heading][disq_divider divider_color=&#8221;#FFFFFF&#8221; divider_max_width=&#8221;453px&#8221; divider_icon=&#8221;&#x3b;||divi||400&#8243; divider_element_gap=&#8221;17px&#8221; divider_icon_color=&#8221;#FFFFFF&#8221; divider_icon_size=&#8221;25px&#8221; admin_label=&#8221;Advanced Divider&#8221; _builder_version=&#8221;4.25.0&#8243; _module_preset=&#8221;default&#8221; global_colors_info=&#8221;{}&#8221;][\/disq_divider][\/et_pb_column][\/et_pb_row][\/et_pb_section][et_pb_section fb_built=&#8221;1&#8243; specialty=&#8221;on&#8221; custom_padding_last_edited=&#8221;on|phone&#8221; padding_top_1=&#8221;50px&#8221; padding_top_bottom_link_1=&#8221;false&#8221; padding_left_right_link_1=&#8221;false&#8221; _builder_version=&#8221;4.25.0&#8243; _module_preset=&#8221;default&#8221; width_tablet=&#8221;&#8221; width_phone=&#8221;100%&#8221; width_last_edited=&#8221;on|phone&#8221; custom_margin=&#8221;0px||||false|false&#8221; custom_padding=&#8221;0px||||false|false&#8221; custom_padding_tablet=&#8221;0px||||false|false&#8221; custom_padding_phone=&#8221;0px|0px|0px|0px|true|true&#8221; da_disable_devices=&#8221;off|off|off&#8221; global_colors_info=&#8221;{}&#8221; da_is_popup=&#8221;off&#8221; da_exit_intent=&#8221;off&#8221; da_has_close=&#8221;on&#8221; da_alt_close=&#8221;off&#8221; da_dark_close=&#8221;off&#8221; da_not_modal=&#8221;on&#8221; da_is_singular=&#8221;off&#8221; da_with_loader=&#8221;off&#8221; da_has_shadow=&#8221;on&#8221;][et_pb_column type=&#8221;1_2&#8243; specialty_columns=&#8221;2&#8243; _builder_version=&#8221;4.16&#8243; custom_padding=&#8221;|||&#8221; global_colors_info=&#8221;{}&#8221; custom_padding__hover=&#8221;|||&#8221;][et_pb_row_inner custom_padding_last_edited=&#8221;on|phone&#8221; _builder_version=&#8221;4.25.0&#8243; _module_preset=&#8221;default&#8221; width_tablet=&#8221;&#8221; width_phone=&#8221;100%&#8221; width_last_edited=&#8221;on|tablet&#8221; custom_margin=&#8221;0px||||false|false&#8221; custom_padding=&#8221;0px||0px||false|false&#8221; custom_padding_tablet=&#8221;0px||0px||false|false&#8221; custom_padding_phone=&#8221;0px||0px|0px|false|false&#8221; global_colors_info=&#8221;{}&#8221;][et_pb_column_inner saved_specialty_column_type=&#8221;1_2&#8243; _builder_version=&#8221;4.25.0&#8243; _module_preset=&#8221;default&#8221; global_colors_info=&#8221;{}&#8221;][et_pb_heading title=&#8221;How can we help you today&#8221; _builder_version=&#8221;4.25.0&#8243; _module_preset=&#8221;default&#8221; title_font=&#8221;|800|||||||&#8221; title_text_color=&#8221;#141414&#8243; title_font_size=&#8221;40px&#8221; custom_margin=&#8221;||17px|||&#8221; custom_padding=&#8221;47px||||false|false&#8221; global_colors_info=&#8221;{}&#8221;][\/et_pb_heading][et_pb_text _builder_version=&#8221;4.25.0&#8243; _module_preset=&#8221;default&#8221; text_font_size=&#8221;16px&#8221; text_line_height=&#8221;1.8em&#8221; custom_padding=&#8221;0px||25px||false|false&#8221; global_colors_info=&#8221;{}&#8221;]<\/p>\n<p data-sider-select-id=\"201522ee-d33c-403d-9f2d-85909dfc525f\">Feel free to contact us directly if you have any enquires regarding accomodation, we would love to have you stay with us.<\/p>\n<p>Simply fill in all your personal data and let us get in touch with you. Normally, our support team answers within one business day to you, so that you don\u2019t have to wait. Or call us directly from the phone.<\/p>\n<p>[\/et_pb_text][\/et_pb_column_inner][\/et_pb_row_inner][et_pb_row_inner column_structure=&#8221;1_2,1_2&#8243; _builder_version=&#8221;4.25.0&#8243; _module_preset=&#8221;default&#8221; custom_padding=&#8221;17px||17px||true|false&#8221; global_colors_info=&#8221;{}&#8221;][et_pb_column_inner type=&#8221;1_2&#8243; saved_specialty_column_type=&#8221;1_2&#8243; _builder_version=&#8221;4.25.0&#8243; _module_preset=&#8221;default&#8221; global_colors_info=&#8221;{}&#8221;][dsm_icon_list _builder_version=&#8221;4.25.0&#8243; _module_preset=&#8221;default&#8221; text_text_color=&#8221;#141414&#8243; global_colors_info=&#8221;{}&#8221;][dsm_icon_list_child text=&#8221;Address&#8221; font_icon=&#8221;&#xe074;||divi||400&#8243; icon_color=&#8221;#37966F&#8221; icon_padding=&#8221;9px&#8221; icon_font_size=&#8221;23px&#8221; _builder_version=&#8221;4.25.0&#8243; _module_preset=&#8221;default&#8221; text_font=&#8221;|600|||||||&#8221; text_font_size=&#8221;18px&#8221; global_colors_info=&#8221;{}&#8221;][\/dsm_icon_list_child][\/dsm_icon_list][\/et_pb_column_inner][et_pb_column_inner type=&#8221;1_2&#8243; saved_specialty_column_type=&#8221;1_2&#8243; _builder_version=&#8221;4.25.0&#8243; _module_preset=&#8221;default&#8221; global_colors_info=&#8221;{}&#8221;][et_pb_text _builder_version=&#8221;4.25.0&#8243; _module_preset=&#8221;default&#8221; text_font=&#8221;||||||||&#8221; text_font_size=&#8221;16px&#8221; global_colors_info=&#8221;{}&#8221;]<\/p>\n<p>No 27 Station garden, Wellawa, Kurunegala, Sri Lanka.<\/p>\n<p>[\/et_pb_text][\/et_pb_column_inner][\/et_pb_row_inner][et_pb_row_inner _builder_version=&#8221;4.25.0&#8243; _module_preset=&#8221;default&#8221; custom_margin=&#8221;0px||||false|false&#8221; custom_padding=&#8221;0px||0px||false|false&#8221; global_colors_info=&#8221;{}&#8221;][et_pb_column_inner saved_specialty_column_type=&#8221;1_2&#8243; _builder_version=&#8221;4.25.0&#8243; _module_preset=&#8221;default&#8221; global_colors_info=&#8221;{}&#8221;][et_pb_divider color=&#8221;#e5e5e5&#8243; divider_weight=&#8221;2px&#8221; _builder_version=&#8221;4.25.0&#8243; _module_preset=&#8221;default&#8221; custom_margin=&#8221;0px||0px||false|false&#8221; custom_margin_tablet=&#8221;0px||0px||false|false&#8221; custom_margin_phone=&#8221;10px||-18px||false|false&#8221; custom_margin_last_edited=&#8221;on|phone&#8221; global_colors_info=&#8221;{}&#8221;][\/et_pb_divider][\/et_pb_column_inner][\/et_pb_row_inner][et_pb_row_inner column_structure=&#8221;1_2,1_2&#8243; _builder_version=&#8221;4.25.0&#8243; _module_preset=&#8221;default&#8221; custom_margin=&#8221;-26px|||||&#8221; custom_padding=&#8221;17px||17px||true|false&#8221; global_colors_info=&#8221;{}&#8221;][et_pb_column_inner type=&#8221;1_2&#8243; saved_specialty_column_type=&#8221;1_2&#8243; _builder_version=&#8221;4.25.0&#8243; _module_preset=&#8221;default&#8221; global_colors_info=&#8221;{}&#8221;][dsm_icon_list _builder_version=&#8221;4.25.0&#8243; _module_preset=&#8221;default&#8221; text_text_color=&#8221;#141414&#8243; global_colors_info=&#8221;{}&#8221;][dsm_icon_list_child text=&#8221;Get in touch&#8221; font_icon=&#8221;&#xf879;||fa||900&#8243; icon_color=&#8221;#37966F&#8221; icon_padding=&#8221;9px&#8221; icon_font_size=&#8221;23px&#8221; _builder_version=&#8221;4.25.0&#8243; _module_preset=&#8221;default&#8221; text_font=&#8221;|600|||||||&#8221; text_font_size=&#8221;18px&#8221; global_colors_info=&#8221;{}&#8221;][\/dsm_icon_list_child][\/dsm_icon_list][\/et_pb_column_inner][et_pb_column_inner type=&#8221;1_2&#8243; saved_specialty_column_type=&#8221;1_2&#8243; _builder_version=&#8221;4.25.0&#8243; _module_preset=&#8221;default&#8221; global_colors_info=&#8221;{}&#8221;][et_pb_text _builder_version=&#8221;4.25.0&#8243; _module_preset=&#8221;default&#8221; text_font=&#8221;||||||||&#8221; text_font_size=&#8221;16px&#8221; custom_margin=&#8221;6px||||false|false&#8221; link_option_url=&#8221;tel:0094774796448&#8243; global_colors_info=&#8221;{}&#8221;]<\/p>\n<p>0094774796448<\/p>\n<p>[\/et_pb_text][\/et_pb_column_inner][\/et_pb_row_inner][et_pb_row_inner _builder_version=&#8221;4.25.0&#8243; _module_preset=&#8221;default&#8221; custom_margin=&#8221;0px||||false|false&#8221; custom_padding=&#8221;0px||0px||false|false&#8221; global_colors_info=&#8221;{}&#8221;][et_pb_column_inner saved_specialty_column_type=&#8221;1_2&#8243; _builder_version=&#8221;4.25.0&#8243; _module_preset=&#8221;default&#8221; global_colors_info=&#8221;{}&#8221;][et_pb_divider color=&#8221;#e5e5e5&#8243; divider_weight=&#8221;2px&#8221; _builder_version=&#8221;4.25.0&#8243; _module_preset=&#8221;default&#8221; custom_margin=&#8221;0px||0px||false|false&#8221; custom_margin_tablet=&#8221;0px||0px||false|false&#8221; custom_margin_phone=&#8221;15px||-9px||false|false&#8221; custom_margin_last_edited=&#8221;on|phone&#8221; global_colors_info=&#8221;{}&#8221;][\/et_pb_divider][\/et_pb_column_inner][\/et_pb_row_inner][et_pb_row_inner column_structure=&#8221;1_2,1_2&#8243; _builder_version=&#8221;4.25.0&#8243; _module_preset=&#8221;default&#8221; custom_margin=&#8221;-26px|||||&#8221; custom_padding=&#8221;17px||17px||true|false&#8221; global_colors_info=&#8221;{}&#8221;][et_pb_column_inner type=&#8221;1_2&#8243; saved_specialty_column_type=&#8221;1_2&#8243; admin_label=&#8221;Column&#8221; _builder_version=&#8221;4.25.0&#8243; _module_preset=&#8221;default&#8221; global_colors_info=&#8221;{}&#8221;][dsm_icon_list _builder_version=&#8221;4.25.0&#8243; _module_preset=&#8221;default&#8221; text_text_color=&#8221;#141414&#8243; global_colors_info=&#8221;{}&#8221;][dsm_icon_list_child text=&#8221;Email Us&#8221; font_icon=&#8221;&#xf658;||fa||900&#8243; icon_color=&#8221;#37966F&#8221; icon_padding=&#8221;9px&#8221; icon_font_size=&#8221;23px&#8221; _builder_version=&#8221;4.25.0&#8243; _module_preset=&#8221;default&#8221; text_font=&#8221;|600|||||||&#8221; text_font_size=&#8221;18px&#8221; global_colors_info=&#8221;{}&#8221;][\/dsm_icon_list_child][\/dsm_icon_list][\/et_pb_column_inner][et_pb_column_inner type=&#8221;1_2&#8243; saved_specialty_column_type=&#8221;1_2&#8243; _builder_version=&#8221;4.25.0&#8243; _module_preset=&#8221;default&#8221; global_colors_info=&#8221;{}&#8221;][et_pb_text _builder_version=&#8221;4.25.0&#8243; _module_preset=&#8221;default&#8221; text_font=&#8221;||||||||&#8221; text_font_size=&#8221;16px&#8221; custom_padding=&#8221;6px||||false|false&#8221; link_option_url=&#8221;mailto:info@mango-vacations.com&#8221; global_colors_info=&#8221;{}&#8221;]<\/p>\n<p>info@mango-vacations.com<\/p>\n<p>[\/et_pb_text][\/et_pb_column_inner][\/et_pb_row_inner][et_pb_row_inner _builder_version=&#8221;4.25.0&#8243; _module_preset=&#8221;default&#8221; custom_padding=&#8221;21px|||||&#8221; global_colors_info=&#8221;{}&#8221;][et_pb_column_inner saved_specialty_column_type=&#8221;1_2&#8243; admin_label=&#8221;Column&#8221; _builder_version=&#8221;4.25.0&#8243; _module_preset=&#8221;default&#8221; global_colors_info=&#8221;{}&#8221;][et_pb_code _builder_version=&#8221;4.25.0&#8243; _module_preset=&#8221;default&#8221; custom_margin_tablet=&#8221;&#8221; custom_margin_phone=&#8221;10px||||false|false&#8221; custom_margin_last_edited=&#8221;on|desktop&#8221; global_colors_info=&#8221;{}&#8221;]<iframe src=\"https:\/\/www.google.com\/maps\/embed?pb=!1m18!1m12!1m3!1d3955.1552559619504!2d80.36788987448696!3d7.558045010278477!2m3!1f0!2f0!3f0!3m2!1i1024!2i768!4f13.1!3m3!1m2!1s0x3ae337e50aa79e6f%3A0xe9233c02a83481a5!2sMango%20Vacations!5e0!3m2!1sen!2slk!4v1718263601027!5m2!1sen!2slk\" width=\"650\" height=\"450\" style=\"border:0;\" allowfullscreen=\"\" loading=\"lazy\" referrerpolicy=\"no-referrer-when-downgrade\"><\/iframe>[\/et_pb_code][\/et_pb_column_inner][\/et_pb_row_inner][\/et_pb_column][et_pb_column type=&#8221;1_2&#8243; admin_label=&#8221;Column&#8221; _builder_version=&#8221;4.16&#8243; custom_padding=&#8221;|||&#8221; global_colors_info=&#8221;{}&#8221; custom_padding__hover=&#8221;|||&#8221;][et_pb_code disabled_on=&#8221;off|off|off&#8221; _builder_version=&#8221;4.25.0&#8243; _module_preset=&#8221;default&#8221; background_color=&#8221;RGBA(255,255,255,0)&#8221; custom_margin=&#8221;52px|||50px|false|false&#8221; custom_margin_tablet=&#8221;52px|||0px|false|false&#8221; custom_margin_phone=&#8221;52px|||0px|false|false&#8221; custom_margin_last_edited=&#8221;on|tablet&#8221; custom_padding=&#8221;15px|50px|15px|50px|true|true&#8221; custom_padding_tablet=&#8221;15px|50px|15px|50px|true|true&#8221; custom_padding_phone=&#8221;0px|20px|0px|20px|true|true&#8221; custom_padding_last_edited=&#8221;on|phone&#8221; border_radii=&#8221;on|10px|10px|10px|10px&#8221; box_shadow_style=&#8221;preset3&#8243; box_shadow_vertical=&#8221;9px&#8221; box_shadow_blur=&#8221;54px&#8221; box_shadow_spread=&#8221;-9px&#8221; box_shadow_color=&#8221;rgba(0,0,0,0.18)&#8221; global_colors_info=&#8221;{}&#8221;]<style id=\"wpforms-css-vars-403\">\n\t\t\t\t#wpforms-403 {\n\t\t\t\t--wpforms-container-padding: 0px;\n--wpforms-container-border-width: 1px;\n--wpforms-container-border-radius: 3px;\n--wpforms-background-color: rgba(0, 0, 0, 0);\n--wpforms-field-size-input-height: 43px;\n--wpforms-field-size-input-spacing: 15px;\n--wpforms-field-size-font-size: 16px;\n--wpforms-field-size-line-height: 19px;\n--wpforms-field-size-padding-h: 14px;\n--wpforms-field-size-checkbox-size: 16px;\n--wpforms-field-size-sublabel-spacing: 5px;\n--wpforms-field-size-icon-size: 1;\n--wpforms-label-size-font-size: 16px;\n--wpforms-label-size-line-height: 19px;\n--wpforms-label-size-sublabel-font-size: 14px;\n--wpforms-label-size-sublabel-line-height: 17px;\n--wpforms-button-size-font-size: 17px;\n--wpforms-button-size-height: 41px;\n--wpforms-button-size-padding-h: 15px;\n--wpforms-button-size-margin-top: 10px;\n--wpforms-container-shadow-size-box-shadow: none;\n\t\t\t}\n\t\t\t<\/style><div class=\"wpforms-container wpforms-container-full wpforms-render-modern\" id=\"wpforms-403\"><form id=\"wpforms-form-403\" class=\"wpforms-validate wpforms-form wpforms-ajax-form\" data-formid=\"403\" method=\"post\" enctype=\"multipart\/form-data\" action=\"\/sv\/wp-json\/wp\/v2\/pages\/4098\" data-token=\"408f7e8f49db08d7097b3c2d353d1b54\" data-token-time=\"1776493409\"><noscript class=\"wpforms-error-noscript\">Aktivera JavaScript i din webbl\u00e4sare f\u00f6r att fylla i formul\u00e4ret.<\/noscript><div id=\"wpforms-error-noscript\" style=\"display: none;\">Aktivera JavaScript i din webbl\u00e4sare f\u00f6r att fylla i formul\u00e4ret.<\/div><div class=\"wpforms-field-container\"><div id=\"wpforms-403-field_4-container\" class=\"wpforms-field wpforms-field-text\" data-field-id=\"4\"><label class=\"wpforms-field-label\" for=\"wpforms-403-field_4\">Full Name <span class=\"wpforms-required-label\" aria-hidden=\"true\">*<\/span><\/label><input type=\"text\" id=\"wpforms-403-field_4\" class=\"wpforms-field-large wpforms-field-required\" name=\"wpforms[fields][4]\" placeholder=\"Enter your full name\" aria-errormessage=\"wpforms-403-field_4-error\" required><\/div><div id=\"wpforms-403-field_3-container\" class=\"wpforms-field wpforms-field-email\" data-field-id=\"3\"><label class=\"wpforms-field-label\" for=\"wpforms-403-field_3\">Email Address <span class=\"wpforms-required-label\" aria-hidden=\"true\">*<\/span><\/label><input type=\"email\" id=\"wpforms-403-field_3\" class=\"wpforms-field-large wpforms-field-required\" name=\"wpforms[fields][3]\" placeholder=\"Enter your email address\" spellcheck=\"false\" aria-errormessage=\"wpforms-403-field_3-error\" required><\/div><div id=\"wpforms-403-field_6-container\" class=\"wpforms-field wpforms-field-text\" data-field-id=\"6\"><label class=\"wpforms-field-label\" for=\"wpforms-403-field_6\">Phone Number <span class=\"wpforms-required-label\" aria-hidden=\"true\">*<\/span><\/label><input type=\"text\" id=\"wpforms-403-field_6\" class=\"wpforms-field-large wpforms-field-required wpforms-limit-characters-enabled\" data-form-id=\"403\" data-field-id=\"6\" data-text-limit=\"10\" name=\"wpforms[fields][6]\" placeholder=\"Enter your phone number\" aria-errormessage=\"wpforms-403-field_6-error\" maxlength=\"10\" required><\/div><div id=\"wpforms-403-field_8-container\" class=\"wpforms-field wpforms-field-radio\" data-field-id=\"8\"><fieldset><legend class=\"wpforms-field-label\">Hotels<\/legend><ul id=\"wpforms-403-field_8\"><li class=\"choice-1 depth-1\"><input type=\"radio\" id=\"wpforms-403-field_8_1\" name=\"wpforms[fields][8]\" value=\"3 star\" aria-errormessage=\"wpforms-403-field_8_1-error\"  ><label class=\"wpforms-field-label-inline\" for=\"wpforms-403-field_8_1\">3 star<\/label><\/li><li class=\"choice-2 depth-1\"><input type=\"radio\" id=\"wpforms-403-field_8_2\" name=\"wpforms[fields][8]\" value=\"4 star\" aria-errormessage=\"wpforms-403-field_8_2-error\"  ><label class=\"wpforms-field-label-inline\" for=\"wpforms-403-field_8_2\">4 star<\/label><\/li><li class=\"choice-3 depth-1\"><input type=\"radio\" id=\"wpforms-403-field_8_3\" name=\"wpforms[fields][8]\" value=\"5 star\" aria-errormessage=\"wpforms-403-field_8_3-error\"  ><label class=\"wpforms-field-label-inline\" for=\"wpforms-403-field_8_3\">5 star<\/label><\/li><\/ul><\/fieldset><\/div><div id=\"wpforms-403-field_7-container\" class=\"wpforms-field wpforms-field-textarea\" data-field-id=\"7\"><label class=\"wpforms-field-label\" for=\"wpforms-403-field_7\">Your Message<\/label><textarea id=\"wpforms-403-field_7\" class=\"wpforms-field-medium\" name=\"wpforms[fields][7]\" placeholder=\"Enter your comment\" aria-errormessage=\"wpforms-403-field_7-error\" ><\/textarea><\/div><\/div><!-- .wpforms-field-container --><div class=\"wpforms-recaptcha-container wpforms-is-recaptcha wpforms-is-recaptcha-type-v2\" ><div class=\"g-recaptcha\" data-sitekey=\"6LeSPywqAAAAAAsOBK7ObuJgn3-NcAmBeRAxV68Q\"><\/div><input type=\"text\" name=\"g-recaptcha-hidden\" class=\"wpforms-recaptcha-hidden\" style=\"position:absolute!important;clip:rect(0,0,0,0)!important;height:1px!important;width:1px!important;border:0!important;overflow:hidden!important;padding:0!important;margin:0!important;\" data-rule-recaptcha=\"1\"><\/div><div class=\"wpforms-submit-container\" ><input type=\"hidden\" name=\"wpforms[id]\" value=\"403\"><input type=\"hidden\" name=\"page_title\" value=\"\"><input type=\"hidden\" name=\"page_url\" value=\"https:\/\/mango-vacations.com\/sv\/wp-json\/wp\/v2\/pages\/4098\"><input type=\"hidden\" name=\"url_referer\" value=\"\"><button type=\"submit\" name=\"wpforms[submit]\" id=\"wpforms-submit-403\" class=\"wpforms-submit\" data-alt-text=\"Sending...\" data-submit-text=\"SEND MESSAGE\" aria-live=\"assertive\" value=\"wpforms-submit\">SEND MESSAGE<\/button><img decoding=\"async\" src=\"https:\/\/mango-vacations.com\/wp-content\/plugins\/wpforms-lite\/assets\/images\/submit-spin.svg\" class=\"wpforms-submit-spinner\" style=\"display: none;\" width=\"26\" height=\"26\" alt=\"Laddar\"><\/div><\/form><\/div>  <!-- .wpforms-container -->[\/et_pb_code][et_pb_code disabled_on=&#8221;on|on|on&#8221; _builder_version=&#8221;4.25.0&#8243; _module_preset=&#8221;default&#8221; background_color=&#8221;RGBA(255,255,255,0)&#8221; custom_margin=&#8221;52px|||50px|false|false&#8221; custom_margin_tablet=&#8221;52px|||0px|false|false&#8221; custom_margin_phone=&#8221;52px|||0px|false|false&#8221; custom_margin_last_edited=&#8221;on|tablet&#8221; custom_padding=&#8221;15px|50px|15px|50px|true|true&#8221; custom_padding_tablet=&#8221;15px|50px|15px|50px|true|true&#8221; custom_padding_phone=&#8221;0px|20px|0px|20px|true|true&#8221; custom_padding_last_edited=&#8221;on|phone&#8221; border_radii=&#8221;on|10px|10px|10px|10px&#8221; box_shadow_style=&#8221;preset3&#8243; box_shadow_vertical=&#8221;9px&#8221; box_shadow_blur=&#8221;54px&#8221; box_shadow_spread=&#8221;-9px&#8221; box_shadow_color=&#8221;rgba(0,0,0,0.18)&#8221; disabled=&#8221;on&#8221; locked=&#8221;off&#8221; global_colors_info=&#8221;{}&#8221;]<script async type=\"module\" src=\"https:\/\/assets.api.b2b.tourradar.com\/widgets\/loader.mjs\"><\/script><!-- [et_pb_line_break_holder] --><x-tr-question-form domain=\"mango-vacations.secure.tourradar.com\" placeholder_name=\"true\" placeholder_email=\"true\" placeholder_phone=\"true\" placeholder_message=\"true\"\/>[\/et_pb_code][\/et_pb_column][\/et_pb_section]<\/p>\n","protected":false},"excerpt":{"rendered":"<p><div class=\"et_pb_module disq_divider disq_divider_0\">\n\t\t\t\t\n\t\t\t\t\n\t\t\t\t\n\t\t\t\t\n\t\t\t\t\n\t\t\t\t\n\t\t\t\t<div class=\"et_pb_module_inner\">\n\t\t\t\t\t<div class=\"divider-elements et_pb_with_background center icon solid\"><span class=\"divider-item divider-element left\"><hr \/><\/span><span class=\"divider-icon-wrapper\"><span class=\"icon-element\"><span class=\"et-pb-icon divider-icon\">;<\/span><\/span><\/span><span class=\"divider-item divider-element right\"><hr \/><\/span><\/div>\n\t\t\t\t<\/div>\n\t\t\t<\/div>Feel free to contact us directly if you have any enquires regarding accomodation, we would love to have you stay with us. Simply fill in all your personal data and let us get in touch with you. Normally, our support team answers within one [&hellip;]<\/p>\n","protected":false},"author":1,"featured_media":0,"parent":0,"menu_order":0,"comment_status":"closed","ping_status":"closed","template":"","meta":{"_acf_changed":false,"_et_pb_use_builder":"on","_et_pb_old_content":"","_et_gb_content_width":"","content-type":"","footnotes":""},"class_list":["post-4098","page","type-page","status-publish","hentry"],"acf":[],"_links":{"self":[{"href":"https:\/\/mango-vacations.com\/sv\/wp-json\/wp\/v2\/pages\/4098","targetHints":{"allow":["GET"]}}],"collection":[{"href":"https:\/\/mango-vacations.com\/sv\/wp-json\/wp\/v2\/pages"}],"about":[{"href":"https:\/\/mango-vacations.com\/sv\/wp-json\/wp\/v2\/types\/page"}],"author":[{"embeddable":true,"href":"https:\/\/mango-vacations.com\/sv\/wp-json\/wp\/v2\/users\/1"}],"replies":[{"embeddable":true,"href":"https:\/\/mango-vacations.com\/sv\/wp-json\/wp\/v2\/comments?post=4098"}],"version-history":[{"count":0,"href":"https:\/\/mango-vacations.com\/sv\/wp-json\/wp\/v2\/pages\/4098\/revisions"}],"wp:attachment":[{"href":"https:\/\/mango-vacations.com\/sv\/wp-json\/wp\/v2\/media?parent=4098"}],"curies":[{"name":"wp","href":"https:\/\/api.w.org\/{rel}","templated":true}]}}